{"id":1769,"date":"2025-11-28T14:20:53","date_gmt":"2025-11-28T14:20:53","guid":{"rendered":"https:\/\/leukos.at\/imprint\/"},"modified":"2026-01-24T19:12:45","modified_gmt":"2026-01-24T19:12:45","slug":"imprint","status":"publish","type":"page","link":"https:\/\/leukos.at\/en\/imprint\/","title":{"rendered":"Imprint"},"content":{"rendered":"\t\t<div data-elementor-type=\"wp-page\" data-elementor-id=\"1769\" class=\"elementor elementor-1769 elementor-780\" data-elementor-post-type=\"page\">\n\t\t\t\t<div class=\"elementor-element elementor-element-47ff893 e-flex e-con-boxed e-con e-parent\" data-id=\"47ff893\" data-element_type=\"container\" data-e-type=\"container\">\n\t\t\t\t\t<div class=\"e-con-inner\">\n\t\t\t\t<div class=\"elementor-element elementor-element-0156cfc elementor-invisible elementor-widget elementor-widget-heading\" data-id=\"0156cfc\" data-element_type=\"widget\" data-e-type=\"widget\" data-settings=\"{&quot;_animation&quot;:&quot;fadeInUp&quot;}\" data-widget_type=\"heading.default\">\n\t\t\t\t\t<h4 class=\"elementor-heading-title elementor-size-default\">Imprint<\/h4>\t\t\t\t<\/div>\n\t\t\t\t<div class=\"elementor-element elementor-element-2f5bc0d elementor-widget__width-initial elementor-invisible elementor-widget elementor-widget-text-editor\" data-id=\"2f5bc0d\" data-element_type=\"widget\" data-e-type=\"widget\" data-settings=\"{&quot;_animation&quot;:&quot;fadeInUp&quot;}\" data-widget_type=\"text-editor.default\">\n\t\t\t\t\t\t\t\t\t<p>LEUKOS Brewi Krepil Rechtsanw\u00e4lte GmbH (LEUKOS Attorneys at Law)<br \/>Seat: Kohlmarkt 16\/2\/13c, 1010 Vienna, Austria<br \/>Telephone: <span style=\"text-decoration: underline;\"><a href=\"tel:004312080450\">+43 1 208 04 50<\/a><\/span><br \/>E-mail: <span style=\"text-decoration: underline;\"><a href=\"mailto:office@leukos.at\">office@leukos.at<\/a><\/span><br \/>Website: <span style=\"text-decoration: underline;\"><a href=\"http:\/\/www.leukos.at\" target=\"_blank\" rel=\"noopener\" data-fpl-component=\"primitive\">www.leukos.at<\/a><\/span><\/p><p>\u00a0<\/p><p>Registration Court: Commercial Court Vienna<br \/>Company no.: 667385\u00a0z<br \/>VAT ID no: ATU82749803<\/p><p>\u00a0<\/p><p>ADVM-Code: P133919<\/p><p>\u00a0<\/p><p>Management: Claudia Brewi, Dr. Paul Krepil<\/p><p>\u00a0<\/p><p>Subject of business: Practice of law including all ancillary activities.<\/p><p>\u00a0<\/p><p>Governing professional laws:<br \/>The following regulations apply in particular: Austrian Lawyers&#8217; Act (Rechtsanwaltsordnung; German acronym: RAO), Guidelines for the Practice of Legal Profession (Richtlinien f\u00fcr die Aus\u00fcbung des Rechtsanwaltsberufes; German acronym: RL-BA) and the Disciplinary Statute for Attorneys at Law and Associates (Disziplinarstatut f\u00fcr Rechtsanw\u00e4lte und Rechtsanwaltsanw\u00e4rter; German acronym: DSt). Statutory fee provisions are set out in the Lawyers&#8217; Remuneration Act (Rechtsanwaltstarifgesetz; German acronym: RATG) and the General Remuneration Criteria (Allgemeinen Honorar-Kriterien; German acronym: AHK). These regulations can be accessed via the Federal Legal Information System (<a href=\"https:\/\/ris.bka.gv.at\" target=\"_blank\" rel=\"noopener\"><span style=\"text-decoration: underline;\">www.ris.bka.gv.at<\/span><\/a>) or the website of the Austrian Bar Association (<a href=\"https:\/\/oerak.at\" target=\"_blank\" rel=\"noopener\"><span style=\"text-decoration: underline;\">www.oerak.at<\/span>)<\/a>.<\/p><p>\u00a0<\/p><p>Competent Supervisory Authority: Vienna Bar Association, Rotenturmstra\u00dfe 13, 1010 Vienna (<span style=\"text-decoration: underline;\"><a href=\"https:\/\/www.rakwien.at\/\" target=\"_blank\" rel=\"noopener\">www.rakwien.at<\/a><\/span>).<\/p><p>\u00a0<\/p><p>Legal Notice \/ Disclaimer:<\/p><p class=\"p1\">This website is intended for clients of LEUKOS Attorneys at Law as well as for other persons interested in LEUKOS Attorneys at Law. The content of this website is for general informational purposes only and does not establish an attorney-client relationship nor constitute legal advice. We assume no liability for the accuracy, completeness, timeliness or quality of the information provided. Any reproduction intended for publication or any other form of distribution to third parties requires the prior express written consent of the management of LEUKOS Attorneys at Law.<\/p><p>\u00a0<\/p><p>Concept, Design, Photography\/Videography and Implementation:<\/p><p>Many thanks to <a href=\"https:\/\/www.juliadirnbacher.com\/\" target=\"_blank\" rel=\"noopener\"><span style=\"text-decoration: underline;\">Julia Dirnbacher<\/span><\/a>, <span style=\"text-decoration: underline;\"><a href=\"https:\/\/michelboehmler.com\/\" target=\"_blank\" rel=\"noopener\">Michel B\u00f6hmler<\/a><\/span> and <span style=\"text-decoration: underline;\"><a href=\"https:\/\/www.brooxmedia.com\" target=\"_blank\" rel=\"noopener\">Broox Media.<\/a><\/span> Location with courtesy of <a href=\"https:\/\/nicolai1873.com\" target=\"_blank\" rel=\"noopener\"><span style=\"text-decoration: underline;\">www.nicolai1873.com<\/span><\/a>.<\/p><p>\u00a0<\/p><p>Video &amp; Photo Rights:<br \/>LEUKOS Brewi Krepil Rechtsanw\u00e4lte GmbH (LEUKOS Attorneys at Law).<\/p>\t\t\t\t\t\t\t\t<\/div>\n\t\t\t\t\t<\/div>\n\t\t\t\t<\/div>\n\t\t\t\t<\/div>\n\t\t","protected":false},"excerpt":{"rendered":"<p>Imprint LEUKOS Brewi Krepil Rechtsanw\u00e4lte GmbH (LEUKOS Attorneys at Law)Seat: Kohlmarkt 16\/2\/13c, 1010 Vienna, AustriaTelephone: +43 1 208 04 50E-mail: office@leukos.atWebsite: www.leukos.at \u00a0 Registration Court: Commercial Court ViennaCompany no.: 667385\u00a0zVAT ID no: ATU82749803 \u00a0 ADVM-Code: P133919 \u00a0 Management: Claudia Brewi, Dr. Paul Krepil \u00a0 Subject of business: Practice of law including all ancillary activities. \u00a0 [&hellip;]<\/p>\n","protected":false},"author":2,"featured_media":0,"parent":0,"menu_order":0,"comment_status":"closed","ping_status":"closed","template":"","meta":{"footnotes":""},"class_list":["post-1769","page","type-page","status-publish","hentry"],"yoast_head":"<!-- This site is optimized with the Yoast SEO plugin v26.7 - https:\/\/yoast.com\/wordpress\/plugins\/seo\/ -->\n<title>Imprint - LEUKOS Brewi Krepil Rechtsanw\u00e4lte Wien\u2028<\/title>\n<meta name=\"robots\" content=\"index, follow, max-snippet:-1, max-image-preview:large, max-video-preview:-1\" \/>\n<link rel=\"canonical\" href=\"https:\/\/leukos.at\/en\/imprint\/\" \/>\n<meta property=\"og:locale\" content=\"en_US\" \/>\n<meta property=\"og:type\" content=\"article\" \/>\n<meta property=\"og:title\" content=\"Imprint - LEUKOS Brewi Krepil Rechtsanw\u00e4lte Wien\u2028\" \/>\n<meta property=\"og:description\" content=\"Imprint LEUKOS Brewi Krepil Rechtsanw\u00e4lte GmbH (LEUKOS Attorneys at Law)Seat: Kohlmarkt 16\/2\/13c, 1010 Vienna, AustriaTelephone: +43 1 208 04 50E-mail: office@leukos.atWebsite: www.leukos.at \u00a0 Registration Court: Commercial Court ViennaCompany no.: 667385\u00a0zVAT ID no: ATU82749803 \u00a0 ADVM-Code: P133919 \u00a0 Management: Claudia Brewi, Dr. Paul Krepil \u00a0 Subject of business: Practice of law including all ancillary activities. \u00a0 [&hellip;]\" \/>\n<meta property=\"og:url\" content=\"https:\/\/leukos.at\/en\/imprint\/\" \/>\n<meta property=\"og:site_name\" content=\"LEUKOS Brewi Krepil Rechtsanw\u00e4lte Wien\u2028\" \/>\n<meta property=\"article:modified_time\" content=\"2026-01-24T19:12:45+00:00\" \/>\n<meta name=\"twitter:card\" content=\"summary_large_image\" \/>\n<meta name=\"twitter:label1\" content=\"Est. reading time\" \/>\n\t<meta name=\"twitter:data1\" content=\"2 minutes\" \/>\n<script type=\"application\/ld+json\" class=\"yoast-schema-graph\">{\"@context\":\"https:\/\/schema.org\",\"@graph\":[{\"@type\":\"WebPage\",\"@id\":\"https:\/\/leukos.at\/en\/imprint\/\",\"url\":\"https:\/\/leukos.at\/en\/imprint\/\",\"name\":\"Imprint - LEUKOS Brewi Krepil Rechtsanw\u00e4lte Wien\\u2028\",\"isPartOf\":{\"@id\":\"https:\/\/leukos.at\/en\/#website\"},\"datePublished\":\"2025-11-28T14:20:53+00:00\",\"dateModified\":\"2026-01-24T19:12:45+00:00\",\"breadcrumb\":{\"@id\":\"https:\/\/leukos.at\/en\/imprint\/#breadcrumb\"},\"inLanguage\":\"en-US\",\"potentialAction\":[{\"@type\":\"ReadAction\",\"target\":[\"https:\/\/leukos.at\/en\/imprint\/\"]}]},{\"@type\":\"BreadcrumbList\",\"@id\":\"https:\/\/leukos.at\/en\/imprint\/#breadcrumb\",\"itemListElement\":[{\"@type\":\"ListItem\",\"position\":1,\"name\":\"Start\",\"item\":\"https:\/\/leukos.at\/en\/\"},{\"@type\":\"ListItem\",\"position\":2,\"name\":\"Imprint\"}]},{\"@type\":\"WebSite\",\"@id\":\"https:\/\/leukos.at\/en\/#website\",\"url\":\"https:\/\/leukos.at\/en\/\",\"name\":\"LEUKOS Brewi Krepil Rechtsanw\u00e4lte Wien\\u2028\",\"description\":\"\",\"publisher\":{\"@id\":\"https:\/\/leukos.at\/en\/#organization\"},\"potentialAction\":[{\"@type\":\"SearchAction\",\"target\":{\"@type\":\"EntryPoint\",\"urlTemplate\":\"https:\/\/leukos.at\/en\/?s={search_term_string}\"},\"query-input\":{\"@type\":\"PropertyValueSpecification\",\"valueRequired\":true,\"valueName\":\"search_term_string\"}}],\"inLanguage\":\"en-US\"},{\"@type\":\"Organization\",\"@id\":\"https:\/\/leukos.at\/en\/#organization\",\"name\":\"LEUKOS Brewi Krepil Rechtsanw\u00e4lte Wien\\u2028\",\"url\":\"https:\/\/leukos.at\/en\/\",\"logo\":{\"@type\":\"ImageObject\",\"inLanguage\":\"en-US\",\"@id\":\"https:\/\/leukos.at\/en\/#\/schema\/logo\/image\/\",\"url\":\"https:\/\/leukos.at\/wp-content\/uploads\/2025\/11\/cropped-Group-50.jpg\",\"contentUrl\":\"https:\/\/leukos.at\/wp-content\/uploads\/2025\/11\/cropped-Group-50.jpg\",\"width\":363,\"height\":103,\"caption\":\"LEUKOS Brewi Krepil Rechtsanw\u00e4lte Wien\\u2028\"},\"image\":{\"@id\":\"https:\/\/leukos.at\/en\/#\/schema\/logo\/image\/\"}}]}<\/script>\n<!-- \/ Yoast SEO plugin. -->","yoast_head_json":{"title":"Imprint - LEUKOS Brewi Krepil Rechtsanw\u00e4lte Wien\u2028","robots":{"index":"index","follow":"follow","max-snippet":"max-snippet:-1","max-image-preview":"max-image-preview:large","max-video-preview":"max-video-preview:-1"},"canonical":"https:\/\/leukos.at\/en\/imprint\/","og_locale":"en_US","og_type":"article","og_title":"Imprint - LEUKOS Brewi Krepil Rechtsanw\u00e4lte Wien\u2028","og_description":"Imprint LEUKOS Brewi Krepil Rechtsanw\u00e4lte GmbH (LEUKOS Attorneys at Law)Seat: Kohlmarkt 16\/2\/13c, 1010 Vienna, AustriaTelephone: +43 1 208 04 50E-mail: office@leukos.atWebsite: www.leukos.at \u00a0 Registration Court: Commercial Court ViennaCompany no.: 667385\u00a0zVAT ID no: ATU82749803 \u00a0 ADVM-Code: P133919 \u00a0 Management: Claudia Brewi, Dr. Paul Krepil \u00a0 Subject of business: Practice of law including all ancillary activities. \u00a0 [&hellip;]","og_url":"https:\/\/leukos.at\/en\/imprint\/","og_site_name":"LEUKOS Brewi Krepil Rechtsanw\u00e4lte Wien\u2028","article_modified_time":"2026-01-24T19:12:45+00:00","twitter_card":"summary_large_image","twitter_misc":{"Est. reading time":"2 minutes"},"schema":{"@context":"https:\/\/schema.org","@graph":[{"@type":"WebPage","@id":"https:\/\/leukos.at\/en\/imprint\/","url":"https:\/\/leukos.at\/en\/imprint\/","name":"Imprint - LEUKOS Brewi Krepil Rechtsanw\u00e4lte Wien\u2028","isPartOf":{"@id":"https:\/\/leukos.at\/en\/#website"},"datePublished":"2025-11-28T14:20:53+00:00","dateModified":"2026-01-24T19:12:45+00:00","breadcrumb":{"@id":"https:\/\/leukos.at\/en\/imprint\/#breadcrumb"},"inLanguage":"en-US","potentialAction":[{"@type":"ReadAction","target":["https:\/\/leukos.at\/en\/imprint\/"]}]},{"@type":"BreadcrumbList","@id":"https:\/\/leukos.at\/en\/imprint\/#breadcrumb","itemListElement":[{"@type":"ListItem","position":1,"name":"Start","item":"https:\/\/leukos.at\/en\/"},{"@type":"ListItem","position":2,"name":"Imprint"}]},{"@type":"WebSite","@id":"https:\/\/leukos.at\/en\/#website","url":"https:\/\/leukos.at\/en\/","name":"LEUKOS Brewi Krepil Rechtsanw\u00e4lte Wien\u2028","description":"","publisher":{"@id":"https:\/\/leukos.at\/en\/#organization"},"potentialAction":[{"@type":"SearchAction","target":{"@type":"EntryPoint","urlTemplate":"https:\/\/leukos.at\/en\/?s={search_term_string}"},"query-input":{"@type":"PropertyValueSpecification","valueRequired":true,"valueName":"search_term_string"}}],"inLanguage":"en-US"},{"@type":"Organization","@id":"https:\/\/leukos.at\/en\/#organization","name":"LEUKOS Brewi Krepil Rechtsanw\u00e4lte Wien\u2028","url":"https:\/\/leukos.at\/en\/","logo":{"@type":"ImageObject","inLanguage":"en-US","@id":"https:\/\/leukos.at\/en\/#\/schema\/logo\/image\/","url":"https:\/\/leukos.at\/wp-content\/uploads\/2025\/11\/cropped-Group-50.jpg","contentUrl":"https:\/\/leukos.at\/wp-content\/uploads\/2025\/11\/cropped-Group-50.jpg","width":363,"height":103,"caption":"LEUKOS Brewi Krepil Rechtsanw\u00e4lte Wien\u2028"},"image":{"@id":"https:\/\/leukos.at\/en\/#\/schema\/logo\/image\/"}}]}},"_links":{"self":[{"href":"https:\/\/leukos.at\/en\/wp-json\/wp\/v2\/pages\/1769","targetHints":{"allow":["GET"]}}],"collection":[{"href":"https:\/\/leukos.at\/en\/wp-json\/wp\/v2\/pages"}],"about":[{"href":"https:\/\/leukos.at\/en\/wp-json\/wp\/v2\/types\/page"}],"author":[{"embeddable":true,"href":"https:\/\/leukos.at\/en\/wp-json\/wp\/v2\/users\/2"}],"replies":[{"embeddable":true,"href":"https:\/\/leukos.at\/en\/wp-json\/wp\/v2\/comments?post=1769"}],"version-history":[{"count":10,"href":"https:\/\/leukos.at\/en\/wp-json\/wp\/v2\/pages\/1769\/revisions"}],"predecessor-version":[{"id":2020,"href":"https:\/\/leukos.at\/en\/wp-json\/wp\/v2\/pages\/1769\/revisions\/2020"}],"wp:attachment":[{"href":"https:\/\/leukos.at\/en\/wp-json\/wp\/v2\/media?parent=1769"}],"curies":[{"name":"wp","href":"https:\/\/api.w.org\/{rel}","templated":true}]}}